{"id":24,"date":"2023-11-21T23:29:43","date_gmt":"2023-11-21T22:29:43","guid":{"rendered":"http:\/\/eben-studio.com\/?page_id=24"},"modified":"2023-11-26T09:46:59","modified_gmt":"2023-11-26T08:46:59","slug":"offres","status":"publish","type":"page","link":"https:\/\/eben-studio.com\/index.php\/offres\/","title":{"rendered":"OFFRES"},"content":{"rendered":"\n<div class=\"wp-block-media-text is-stacked-on-mobile\"><figure class=\"wp-block-media-text__media\"><img loading=\"lazy\" decoding=\"async\" width=\"1024\" height=\"683\" src=\"http:\/\/eben-studio.com\/wp-content\/uploads\/2023\/11\/MG_0735-1024x683.jpg\" alt=\"\" class=\"wp-image-29 size-full\" srcset=\"https:\/\/eben-studio.com\/wp-content\/uploads\/2023\/11\/MG_0735-1024x683.jpg 1024w, https:\/\/eben-studio.com\/wp-content\/uploads\/2023\/11\/MG_0735-300x200.jpg 300w, https:\/\/eben-studio.com\/wp-content\/uploads\/2023\/11\/MG_0735-768x512.jpg 768w, https:\/\/eben-studio.com\/wp-content\/uploads\/2023\/11\/MG_0735-1536x1024.jpg 1536w, https:\/\/eben-studio.com\/wp-content\/uploads\/2023\/11\/MG_0735-2048x1365.jpg 2048w\" sizes=\"auto, (max-width: 1024px) 100vw, 1024px\" \/><\/figure><div class=\"wp-block-media-text__content\">\n<p class=\"has-normal-font-size\"><strong>Nous proposons trois types de services<\/strong><\/p>\n\n\n\n<p class=\"has-normal-font-size\">. Enregistrements<\/p>\n\n\n\n<p class=\"has-normal-font-size\">. R\u00e9p\u00e9titions<\/p>\n\n\n\n<p class=\"has-normal-font-size\">. Cours<\/p>\n\n\n\n<p class=\"has-text-align-left has-normal-font-size\"><\/p>\n<\/div><\/div>\n\n\n\n<div class=\"wp-block-media-text has-media-on-the-right is-stacked-on-mobile is-vertically-aligned-center\"><div class=\"wp-block-media-text__content\">\n<p class=\"has-text-align-left has-normal-font-size\">Vous pouvez louer le studio, avec ou sans ing\u00e9-son, afin d&rsquo;enregistrer vos chansons\/EP\/albums\/voix off\/bruitages etc&#8230;<\/p>\n\n\n\n<p class=\"has-normal-font-size\">Le lieu est aussi disponible pour les groupes de musique locaux qui cherchent un studio de r\u00e9p\u00e9tition de fa\u00e7on ponctuelle ou r\u00e9guli\u00e8re.<\/p>\n\n\n\n<p class=\"has-normal-font-size\"><\/p>\n<\/div><figure class=\"wp-block-media-text__media\"><img loading=\"lazy\" decoding=\"async\" width=\"1024\" height=\"683\" src=\"http:\/\/eben-studio.com\/wp-content\/uploads\/2023\/11\/MG_5487-1024x683.jpg\" alt=\"\" class=\"wp-image-52 size-full\" srcset=\"https:\/\/eben-studio.com\/wp-content\/uploads\/2023\/11\/MG_5487-1024x683.jpg 1024w, https:\/\/eben-studio.com\/wp-content\/uploads\/2023\/11\/MG_5487-300x200.jpg 300w, https:\/\/eben-studio.com\/wp-content\/uploads\/2023\/11\/MG_5487-768x512.jpg 768w, https:\/\/eben-studio.com\/wp-content\/uploads\/2023\/11\/MG_5487-1536x1024.jpg 1536w, https:\/\/eben-studio.com\/wp-content\/uploads\/2023\/11\/MG_5487-2048x1365.jpg 2048w\" sizes=\"auto, (max-width: 1024px) 100vw, 1024px\" \/><\/figure><\/div>\n\n\n\n<div class=\"wp-block-media-text is-stacked-on-mobile is-vertically-aligned-center\"><figure class=\"wp-block-media-text__media\"><img loading=\"lazy\" decoding=\"async\" width=\"1024\" height=\"683\" src=\"http:\/\/eben-studio.com\/wp-content\/uploads\/2023\/11\/MG_0733-1024x683.jpg\" alt=\"\" class=\"wp-image-50 size-full\" srcset=\"https:\/\/eben-studio.com\/wp-content\/uploads\/2023\/11\/MG_0733-1024x683.jpg 1024w, https:\/\/eben-studio.com\/wp-content\/uploads\/2023\/11\/MG_0733-300x200.jpg 300w, https:\/\/eben-studio.com\/wp-content\/uploads\/2023\/11\/MG_0733-768x512.jpg 768w, https:\/\/eben-studio.com\/wp-content\/uploads\/2023\/11\/MG_0733-1536x1024.jpg 1536w, https:\/\/eben-studio.com\/wp-content\/uploads\/2023\/11\/MG_0733-2048x1365.jpg 2048w\" sizes=\"auto, (max-width: 1024px) 100vw, 1024px\" \/><\/figure><div class=\"wp-block-media-text__content\">\n<p class=\"has-normal-font-size\">Nous proposons aussi une formule \u00ab\u00a0R\u00e9sidence d&rsquo;Artistes\u00a0\u00bb pour celles et ceux qui d\u00e9sirent privatiser le studio pendant plusieurs jours\/semaines\/mois afin de mener \u00e0 bien leurs projets de cr\u00e9ation.<\/p>\n\n\n\n<p class=\"has-text-align-left has-normal-font-size\">Enfin, il est possible de prendre des cours individuels de guitare\/violon\/solf\u00e8ge\/MAO (Musique Assist\u00e9 par Ordinateur).<\/p>\n\n\n\n<p class=\"has-text-align-left has-normal-font-size\">Un atelier d&rsquo;\u00e9veil musical pour les enfants est aussi propos\u00e9 tous les samedis \u00e0 11h.<\/p>\n<\/div><\/div>\n","protected":false},"excerpt":{"rendered":"<p>Nous proposons trois types de services . Enregistrements . R\u00e9p\u00e9titions . Cours Vous pouvez louer le studio, avec ou sans ing\u00e9-son, afin d&rsquo;enregistrer vos chansons\/EP\/albums\/voix off\/bruitages etc&#8230; Le lieu est aussi disponible pour les groupes de musique locaux qui cherchent un studio de r\u00e9p\u00e9tition de fa\u00e7on ponctuelle ou r\u00e9guli\u00e8re. Nous proposons aussi une formule \u00ab\u00a0R\u00e9sidence [&hellip;]<\/p>\n","protected":false},"author":1,"featured_media":0,"parent":0,"menu_order":0,"comment_status":"closed","ping_status":"closed","template":"","meta":{"footnotes":""},"class_list":["post-24","page","type-page","status-publish","hentry"],"_links":{"self":[{"href":"https:\/\/eben-studio.com\/index.php\/wp-json\/wp\/v2\/pages\/24","targetHints":{"allow":["GET"]}}],"collection":[{"href":"https:\/\/eben-studio.com\/index.php\/wp-json\/wp\/v2\/pages"}],"about":[{"href":"https:\/\/eben-studio.com\/index.php\/wp-json\/wp\/v2\/types\/page"}],"author":[{"embeddable":true,"href":"https:\/\/eben-studio.com\/index.php\/wp-json\/wp\/v2\/users\/1"}],"replies":[{"embeddable":true,"href":"https:\/\/eben-studio.com\/index.php\/wp-json\/wp\/v2\/comments?post=24"}],"version-history":[{"count":30,"href":"https:\/\/eben-studio.com\/index.php\/wp-json\/wp\/v2\/pages\/24\/revisions"}],"predecessor-version":[{"id":105,"href":"https:\/\/eben-studio.com\/index.php\/wp-json\/wp\/v2\/pages\/24\/revisions\/105"}],"wp:attachment":[{"href":"https:\/\/eben-studio.com\/index.php\/wp-json\/wp\/v2\/media?parent=24"}],"curies":[{"name":"wp","href":"https:\/\/api.w.org\/{rel}","templated":true}]}}